{"id":222,"date":"2023-07-17T10:50:01","date_gmt":"2023-07-17T08:50:01","guid":{"rendered":"http:\/\/wp13596697.server-he.de\/?page_id=222"},"modified":"2023-08-14T09:55:35","modified_gmt":"2023-08-14T07:55:35","slug":"impressum","status":"publish","type":"page","link":"https:\/\/praxis-gees.de\/?page_id=222","title":{"rendered":"Impressum"},"content":{"rendered":"\t\t<div data-elementor-type=\"wp-page\" data-elementor-id=\"222\" class=\"elementor elementor-222\" data-elementor-post-type=\"page\">\n\t\t\t\t\t\t<section class=\"elementor-section elementor-top-section elementor-element elementor-element-33f1d7a4 elementor-section-boxed elementor-section-height-default elementor-section-height-default\" data-id=\"33f1d7a4\" data-element_type=\"section\" data-e-type=\"section\">\n\t\t\t\t\t\t<div class=\"elementor-container elementor-column-gap-default\">\n\t\t\t\t\t<div class=\"elementor-column elementor-col-100 elementor-top-column elementor-element elementor-element-64210652\" data-id=\"64210652\" data-element_type=\"column\" data-e-type=\"column\">\n\t\t\t<div class=\"elementor-widget-wrap elementor-element-populated\">\n\t\t\t\t\t\t<div class=\"elementor-element elementor-element-ddd6232 elementor-widget elementor-widget-heading\" data-id=\"ddd6232\" data-element_type=\"widget\" data-e-type=\"widget\" data-widget_type=\"heading.default\">\n\t\t\t\t<div class=\"elementor-widget-container\">\n\t\t\t\t\t<h2 class=\"elementor-heading-title elementor-size-default\">IMPRESSUM<\/h2>\t\t\t\t<\/div>\n\t\t\t\t<\/div>\n\t\t\t\t<div class=\"elementor-element elementor-element-23d81af3 elementor-widget elementor-widget-text-editor\" data-id=\"23d81af3\" data-element_type=\"widget\" data-e-type=\"widget\" data-widget_type=\"text-editor.default\">\n\t\t\t\t<div class=\"elementor-widget-container\">\n\t\t\t\t\t\t\t\t\t<p><\/p>\n<p><\/p>\n<p><\/p>\n<p><strong>Name und Sitz der Praxis<\/strong><br \/>Dipl.Psych. Kornelia Gees<\/p>\n<p><\/p>\n<p><\/p>\n<p>Martinistra\u00dfe 17<br \/>48268 Greven\u00a0<\/p>\n<p><\/p>\n<p><\/p>\n<p>Kontakt<br \/>E-Mail: <a href=\"mailto:info@praxis-gees.de\" data-type=\"mailto\" data-id=\"mailto:info@praxis-gees.de\">info@praxis-gees.de\u00a0<\/a><\/p>\n<p>\u00a0<\/p>\n<p><\/p>\n<p><\/p>\n<hr class=\"wp-block-separator has-alpha-channel-opacity\" \/>\n<p><\/p>\n<p><\/p>\n<p><strong style=\"color: var( --e-global-color-text ); font-family: var( --e-global-typography-text-font-family ), Sans-serif; font-size: 1rem;\">\u00a0<\/strong><\/p>\n<p><strong style=\"color: var( --e-global-color-text ); font-family: var( --e-global-typography-text-font-family ), Sans-serif; font-size: 1rem;\">Verantwortlich f\u00fcr den Inhalt nach \u00a7 55 ABS. 2 RSTV:<\/strong><\/p>\n<p>Dipl. Psych. Kornelia Gees<\/p>\n<p><\/p>\n<p><\/p>\n<p>Berufsbezeichnung und berufsrechtliche Regelungen<\/p>\n<p><\/p>\n<p><\/p>\n<p><strong>Gesetzliche Berufsbezeichnung<\/strong><br \/>Approbation als Psychologische Psychotherapeutin, verliehen in der Bundesrepublik Deutschland. Berufsrechtliche Regelungen Psychotherapeutengesetz \u2013 PsychThG vom 16. Juni 1998 (BGBl. S. 1311) zuletzt ge\u00e4ndert am 20. Juni 2002 (BGBl. I S.1946, 1996). Berufsordnung der Psychotherapeutenkammer NRW vom 12. November 2004.<\/p>\n<p><\/p>\n<p><\/p>\n<p><strong>Aufsichtsbeh\u00f6rde<\/strong><br \/>Psychotherapeutenkammer Nordrhein Westfalen, Willst\u00e4tterstr. 10, 40549 D\u00fcsseldorf, Tel.: 0211 \u2013 5228470, Fax: 0211 \u2013 52284715, E-Mail: info@ptk-nrw.de, Web: http:\/\/www.ptk-nrw.de<\/p>\n<p><\/p>\n<p><\/p>\n<p><strong>Arztregistereintrag<\/strong><br \/>Kassen\u00e4rztliche Vereinigung Westfalen-Lippe, Robert-Schimrigk-Str. 4-6, 44141 Dortmund, Tel.: 0231 \u2013 94 32 0, Fax: 0231 \u2013 94 32 55 55, E-Mail: kvinfo@kvwl.de, Web: https:\/\/www.kvwl.de<\/p>\n<p><\/p>\n<p><\/p>\n<p><strong>Streitschlichtung<\/strong><br \/>Die Europ\u00e4ische Kommission stellt eine Plattform zur Online-Streitbeilegung (OS) bereit: https:\/\/ec.europa.eu\/consumers\/odr.<br \/>Unsere E-Mail-Adresse finden Sie oben im Impressum.<\/p>\n<p><\/p>\n<p><\/p>\n<p>Wir sind nicht bereit oder verpflichtet, an Streitbeilegungsverfahren vor einer Verbraucherschlichtungsstelle teilzunehmen.<\/p>\n<p><\/p>\n<p><\/p>\n<p><strong>Haftung f\u00fcr Inhalte<\/strong><\/p>\n<p><\/p>\n<p><\/p>\n<p>Als Diensteanbieter sind wir gem\u00e4\u00df \u00a7 7 Abs.1 TMG f\u00fcr eigene Inhalte auf diesen Seiten nach den allgemeinen Gesetzen verantwortlich. Nach \u00a7\u00a7 8 bis 10 TMG sind wir als Diensteanbieter jedoch nicht verpflichtet, \u00fcbermittelte oder gespeicherte fremde Informationen zu \u00fcberwachen oder nach Umst\u00e4nden zu forschen, die auf eine rechtswidrige T\u00e4tigkeit hinweisen.<\/p>\n<p><\/p>\n<p><\/p>\n<p>Verpflichtungen zur Entfernung oder Sperrung der Nutzung von Informationen nach den allgemeinen Gesetzen bleiben hiervon unber\u00fchrt. Eine diesbez\u00fcgliche Haftung ist jedoch erst ab dem Zeitpunkt der Kenntnis einer konkreten Rechtsverletzung m\u00f6glich. Bei Bekanntwerden von entsprechenden Rechtsverletzungen werden wir diese Inhalte umgehend entfernen.<\/p>\n<p><\/p>\n<p><\/p>\n<p><strong>Haftung f\u00fcr Links<\/strong><br \/>Unser Angebot enth\u00e4lt Links zu externen Websites Dritter, auf deren Inhalte wir keinen Einfluss haben. Deshalb k\u00f6nnen wir f\u00fcr diese fremden Inhalte auch keine Gew\u00e4hr \u00fcbernehmen. F\u00fcr die Inhalte der verlinkten Seiten ist stets der jeweilige Anbieter oder Betreiber der Seiten verantwortlich. Die verlinkten Seiten wurden zum Zeitpunkt der Verlinkung auf m\u00f6gliche Rechtsverst\u00f6\u00dfe \u00fcberpr\u00fcft. Rechtswidrige Inhalte waren zum Zeitpunkt der Verlinkung nicht erkennbar.<\/p>\n<p><\/p>\n<p><\/p>\n<p>Eine permanente inhaltliche Kontrolle der verlinkten Seiten ist jedoch ohne konkrete Anhaltspunkte einer Rechtsverletzung nicht zumutbar. Bei Bekanntwerden von Rechtsverletzungen werden wir derartige Links umgehend entfernen.<\/p>\n<p><\/p>\n<p><\/p>\n<p><strong>Urheberrecht<\/strong><br \/>Die durch die Seitenbetreiber erstellten Inhalte und Werke auf diesen Seiten unterliegen dem deutschen Urheberrecht. Die Vervielf\u00e4ltigung, Bearbeitung, Verbreitung und jede Art der Verwertung au\u00dferhalb der Grenzen des Urheberrechtes bed\u00fcrfen der schriftlichen Zustimmung des jeweiligen Autors bzw. Erstellers. Downloads und Kopien dieser Seite sind nur f\u00fcr den privaten, nicht kommerziellen Gebrauch gestattet.<\/p>\n<p><\/p>\n<p><\/p>\n<p>Soweit die Inhalte auf dieser Seite nicht vom Betreiber erstellt wurden, werden die Urheberrechte Dritter beachtet. Insbesondere werden Inhalte Dritter als solche gekennzeichnet. Sollten Sie trotzdem auf eine Urheberrechtsverletzung aufmerksam werden, bitten wir um einen entsprechenden Hinweis. Bei Bekanntwerden von Rechtsverletzungen werden wir derartige Inhalte umgehend entfernen.<\/p>\n<p><\/p>\n<p><\/p>\n<hr class=\"wp-block-separator has-alpha-channel-opacity\" \/>\n<p><\/p>\n<p><\/p>\n<p><strong>Umsetzung der Webseite\u00a0<\/strong><\/p>\n<p><\/p>\n<p><\/p>\n<p><strong>LOK. INTERNET DIVISION<\/strong><br \/>\u00dcberseestadt \/\/ Speicher 1<br \/>Konsul-Smidt-Stra\u00dfe 8d<br \/>28217 Bremen<\/p>\n<p><\/p>\n<p><\/p>\n<p><a href=\"mailto:lok@lokbase.com\">lok@lokbase.com<\/a><br \/><a href=\"http:\/\/internetdisvision.lokbase.com\">internetdisvision.lokbase.com<\/a><\/p>\n<p><br \/><br \/><\/p>\n<p><\/p>\n<p><\/p>\n<p><\/p>\t\t\t\t\t\t\t\t<\/div>\n\t\t\t\t<\/div>\n\t\t\t\t\t<\/div>\n\t\t<\/div>\n\t\t\t\t\t<\/div>\n\t\t<\/section>\n\t\t\t\t<\/div>\n\t\t","protected":false},"excerpt":{"rendered":"<p>IMPRESSUM Name und Sitz der PraxisDipl.Psych. Kornelia Gees Martinistra\u00dfe 1748268 Greven\u00a0 KontaktE-Mail: info@praxis-gees.de\u00a0 \u00a0 \u00a0 Verantwortlich f\u00fcr den Inhalt nach \u00a7 55 ABS. 2 RSTV: Dipl. Psych. Kornelia Gees Berufsbezeichnung und berufsrechtliche Regelungen Gesetzliche BerufsbezeichnungApprobation als Psychologische Psychotherapeutin, verliehen in der Bundesrepublik Deutschland. Berufsrechtliche Regelungen Psychotherapeutengesetz \u2013 PsychThG vom 16. Juni 1998 (BGBl. S. 1311) [&hellip;]<\/p>\n","protected":false},"author":1,"featured_media":0,"parent":0,"menu_order":0,"comment_status":"closed","ping_status":"closed","template":"","meta":{"footnotes":""},"class_list":["post-222","page","type-page","status-publish","hentry"],"yoast_head":"<!-- This site is optimized with the Yoast SEO plugin v27.1.1 - https:\/\/yoast.com\/product\/yoast-seo-wordpress\/ -->\n<title>Impressum - Praxis Kornelia Gees<\/title>\n<meta name=\"robots\" content=\"index, follow, max-snippet:-1, max-image-preview:large, max-video-preview:-1\" \/>\n<link rel=\"canonical\" href=\"https:\/\/praxis-gees.de\/?page_id=222\" \/>\n<meta property=\"og:locale\" content=\"de_DE\" \/>\n<meta property=\"og:type\" content=\"article\" \/>\n<meta property=\"og:title\" content=\"Impressum - Praxis Kornelia Gees\" \/>\n<meta property=\"og:description\" content=\"IMPRESSUM Name und Sitz der PraxisDipl.Psych. Kornelia Gees Martinistra\u00dfe 1748268 Greven\u00a0 KontaktE-Mail: info@praxis-gees.de\u00a0 \u00a0 \u00a0 Verantwortlich f\u00fcr den Inhalt nach \u00a7 55 ABS. 2 RSTV: Dipl. Psych. Kornelia Gees Berufsbezeichnung und berufsrechtliche Regelungen Gesetzliche BerufsbezeichnungApprobation als Psychologische Psychotherapeutin, verliehen in der Bundesrepublik Deutschland. Berufsrechtliche Regelungen Psychotherapeutengesetz \u2013 PsychThG vom 16. Juni 1998 (BGBl. S. 1311) [&hellip;]\" \/>\n<meta property=\"og:url\" content=\"https:\/\/praxis-gees.de\/?page_id=222\" \/>\n<meta property=\"og:site_name\" content=\"Praxis Kornelia Gees\" \/>\n<meta property=\"article:modified_time\" content=\"2023-08-14T07:55:35+00:00\" \/>\n<meta name=\"twitter:card\" content=\"summary_large_image\" \/>\n<meta name=\"twitter:label1\" content=\"Gesch\u00e4tzte Lesezeit\" \/>\n\t<meta name=\"twitter:data1\" content=\"2\u00a0Minuten\" \/>\n<script type=\"application\/ld+json\" class=\"yoast-schema-graph\">{\"@context\":\"https:\/\/schema.org\",\"@graph\":[{\"@type\":\"WebPage\",\"@id\":\"https:\/\/praxis-gees.de\/?page_id=222\",\"url\":\"https:\/\/praxis-gees.de\/?page_id=222\",\"name\":\"Impressum - Praxis Kornelia Gees\",\"isPartOf\":{\"@id\":\"https:\/\/praxis-gees.de\/#website\"},\"datePublished\":\"2023-07-17T08:50:01+00:00\",\"dateModified\":\"2023-08-14T07:55:35+00:00\",\"breadcrumb\":{\"@id\":\"https:\/\/praxis-gees.de\/?page_id=222#breadcrumb\"},\"inLanguage\":\"de\",\"potentialAction\":[{\"@type\":\"ReadAction\",\"target\":[\"https:\/\/praxis-gees.de\/?page_id=222\"]}]},{\"@type\":\"BreadcrumbList\",\"@id\":\"https:\/\/praxis-gees.de\/?page_id=222#breadcrumb\",\"itemListElement\":[{\"@type\":\"ListItem\",\"position\":1,\"name\":\"Startseite\",\"item\":\"https:\/\/praxis-gees.de\/\"},{\"@type\":\"ListItem\",\"position\":2,\"name\":\"Impressum\"}]},{\"@type\":\"WebSite\",\"@id\":\"https:\/\/praxis-gees.de\/#website\",\"url\":\"https:\/\/praxis-gees.de\/\",\"name\":\"Praxis Kornelia Gees\",\"description\":\"Diplom Psychologin\",\"potentialAction\":[{\"@type\":\"SearchAction\",\"target\":{\"@type\":\"EntryPoint\",\"urlTemplate\":\"https:\/\/praxis-gees.de\/?s={search_term_string}\"},\"query-input\":{\"@type\":\"PropertyValueSpecification\",\"valueRequired\":true,\"valueName\":\"search_term_string\"}}],\"inLanguage\":\"de\"}]}<\/script>\n<!-- \/ Yoast SEO plugin. -->","yoast_head_json":{"title":"Impressum - Praxis Kornelia Gees","robots":{"index":"index","follow":"follow","max-snippet":"max-snippet:-1","max-image-preview":"max-image-preview:large","max-video-preview":"max-video-preview:-1"},"canonical":"https:\/\/praxis-gees.de\/?page_id=222","og_locale":"de_DE","og_type":"article","og_title":"Impressum - Praxis Kornelia Gees","og_description":"IMPRESSUM Name und Sitz der PraxisDipl.Psych. Kornelia Gees Martinistra\u00dfe 1748268 Greven\u00a0 KontaktE-Mail: info@praxis-gees.de\u00a0 \u00a0 \u00a0 Verantwortlich f\u00fcr den Inhalt nach \u00a7 55 ABS. 2 RSTV: Dipl. Psych. Kornelia Gees Berufsbezeichnung und berufsrechtliche Regelungen Gesetzliche BerufsbezeichnungApprobation als Psychologische Psychotherapeutin, verliehen in der Bundesrepublik Deutschland. Berufsrechtliche Regelungen Psychotherapeutengesetz \u2013 PsychThG vom 16. Juni 1998 (BGBl. S. 1311) [&hellip;]","og_url":"https:\/\/praxis-gees.de\/?page_id=222","og_site_name":"Praxis Kornelia Gees","article_modified_time":"2023-08-14T07:55:35+00:00","twitter_card":"summary_large_image","twitter_misc":{"Gesch\u00e4tzte Lesezeit":"2\u00a0Minuten"},"schema":{"@context":"https:\/\/schema.org","@graph":[{"@type":"WebPage","@id":"https:\/\/praxis-gees.de\/?page_id=222","url":"https:\/\/praxis-gees.de\/?page_id=222","name":"Impressum - Praxis Kornelia Gees","isPartOf":{"@id":"https:\/\/praxis-gees.de\/#website"},"datePublished":"2023-07-17T08:50:01+00:00","dateModified":"2023-08-14T07:55:35+00:00","breadcrumb":{"@id":"https:\/\/praxis-gees.de\/?page_id=222#breadcrumb"},"inLanguage":"de","potentialAction":[{"@type":"ReadAction","target":["https:\/\/praxis-gees.de\/?page_id=222"]}]},{"@type":"BreadcrumbList","@id":"https:\/\/praxis-gees.de\/?page_id=222#breadcrumb","itemListElement":[{"@type":"ListItem","position":1,"name":"Startseite","item":"https:\/\/praxis-gees.de\/"},{"@type":"ListItem","position":2,"name":"Impressum"}]},{"@type":"WebSite","@id":"https:\/\/praxis-gees.de\/#website","url":"https:\/\/praxis-gees.de\/","name":"Praxis Kornelia Gees","description":"Diplom Psychologin","potentialAction":[{"@type":"SearchAction","target":{"@type":"EntryPoint","urlTemplate":"https:\/\/praxis-gees.de\/?s={search_term_string}"},"query-input":{"@type":"PropertyValueSpecification","valueRequired":true,"valueName":"search_term_string"}}],"inLanguage":"de"}]}},"_links":{"self":[{"href":"https:\/\/praxis-gees.de\/index.php?rest_route=\/wp\/v2\/pages\/222","targetHints":{"allow":["GET"]}}],"collection":[{"href":"https:\/\/praxis-gees.de\/index.php?rest_route=\/wp\/v2\/pages"}],"about":[{"href":"https:\/\/praxis-gees.de\/index.php?rest_route=\/wp\/v2\/types\/page"}],"author":[{"embeddable":true,"href":"https:\/\/praxis-gees.de\/index.php?rest_route=\/wp\/v2\/users\/1"}],"replies":[{"embeddable":true,"href":"https:\/\/praxis-gees.de\/index.php?rest_route=%2Fwp%2Fv2%2Fcomments&post=222"}],"version-history":[{"count":18,"href":"https:\/\/praxis-gees.de\/index.php?rest_route=\/wp\/v2\/pages\/222\/revisions"}],"predecessor-version":[{"id":403,"href":"https:\/\/praxis-gees.de\/index.php?rest_route=\/wp\/v2\/pages\/222\/revisions\/403"}],"wp:attachment":[{"href":"https:\/\/praxis-gees.de\/index.php?rest_route=%2Fwp%2Fv2%2Fmedia&parent=222"}],"curies":[{"name":"wp","href":"https:\/\/api.w.org\/{rel}","templated":true}]}}